{"id":24,"date":"2016-04-18T15:25:03","date_gmt":"2016-04-18T15:25:03","guid":{"rendered":"http:\/\/euskalinnova.com\/?page_id=24"},"modified":"2024-06-24T14:20:09","modified_gmt":"2024-06-24T14:20:09","slug":"fontaneria","status":"publish","type":"page","link":"https:\/\/euskalinnova.com\/index.php\/fontaneria\/","title":{"rendered":"Fontaner\u00eda"},"content":{"rendered":"<p><a href=\"http:\/\/euskalinnova.com\/wp-content\/uploads\/2016\/04\/tuberias.png\"><img loading=\"lazy\" decoding=\"async\" class=\"alignnone size-full wp-image-104\" src=\"http:\/\/euskalinnova.com\/wp-content\/uploads\/2016\/04\/tuberias.png\" alt=\"tuberias\" width=\"1050\" height=\"200\" srcset=\"https:\/\/euskalinnova.com\/wp-content\/uploads\/2016\/04\/tuberias.png 1050w, https:\/\/euskalinnova.com\/wp-content\/uploads\/2016\/04\/tuberias-300x57.png 300w, https:\/\/euskalinnova.com\/wp-content\/uploads\/2016\/04\/tuberias-768x146.png 768w, https:\/\/euskalinnova.com\/wp-content\/uploads\/2016\/04\/tuberias-1024x195.png 1024w, https:\/\/euskalinnova.com\/wp-content\/uploads\/2016\/04\/tuberias-250x48.png 250w, https:\/\/euskalinnova.com\/wp-content\/uploads\/2016\/04\/tuberias-150x29.png 150w\" sizes=\"(max-width: 1050px) 100vw, 1050px\" \/><\/a><\/p>\n\n\n<p><\/p>\n\n\n\n<p>Nuestros servicios de fontaner\u00eda cubren desde reparaciones urgentes hasta instalaciones completas en nuevas construcciones.<\/p>\n\n\n\n<p>Contamos con un equipo de fontaneros expertos que garantizan trabajos de alta calidad, utilizando materiales duraderos y t\u00e9cnicas modernas.<\/p>\n\n\n\n<p>Ya sea una fuga, una instalaci\u00f3n de grifer\u00eda o la renovaci\u00f3n de tuber\u00edas, estamos aqu\u00ed para asegurar que su sistema de fontaner\u00eda funcione sin problemas.<\/p>\n","protected":false},"excerpt":{"rendered":"<p>Nuestros servicios de fontaner\u00eda cubren desde reparaciones urgentes hasta instalaciones completas en nuevas construcciones. Contamos con un equipo de fontaneros expertos que garantizan trabajos de alta calidad, utilizando materiales duraderos y t\u00e9cnicas modernas. Ya sea una fuga, una instalaci\u00f3n de grifer\u00eda o la renovaci\u00f3n de tuber\u00edas, estamos aqu\u00ed para asegurar \u2026 <a class=\"continue-reading-link\" href=\"https:\/\/euskalinnova.com\/index.php\/fontaneria\/\"> Continue reading <span class=\"meta-nav\">&rarr; <\/span><\/a><\/p>\n","protected":false},"author":1,"featured_media":0,"parent":0,"menu_order":0,"comment_status":"closed","ping_status":"closed","template":"","meta":{"footnotes":""},"aioseo_notices":[],"_links":{"self":[{"href":"https:\/\/euskalinnova.com\/index.php\/wp-json\/wp\/v2\/pages\/24"}],"collection":[{"href":"https:\/\/euskalinnova.com\/index.php\/wp-json\/wp\/v2\/pages"}],"about":[{"href":"https:\/\/euskalinnova.com\/index.php\/wp-json\/wp\/v2\/types\/page"}],"author":[{"embeddable":true,"href":"https:\/\/euskalinnova.com\/index.php\/wp-json\/wp\/v2\/users\/1"}],"replies":[{"embeddable":true,"href":"https:\/\/euskalinnova.com\/index.php\/wp-json\/wp\/v2\/comments?post=24"}],"version-history":[{"count":3,"href":"https:\/\/euskalinnova.com\/index.php\/wp-json\/wp\/v2\/pages\/24\/revisions"}],"predecessor-version":[{"id":116,"href":"https:\/\/euskalinnova.com\/index.php\/wp-json\/wp\/v2\/pages\/24\/revisions\/116"}],"wp:attachment":[{"href":"https:\/\/euskalinnova.com\/index.php\/wp-json\/wp\/v2\/media?parent=24"}],"curies":[{"name":"wp","href":"https:\/\/api.w.org\/{rel}","templated":true}]}}