{"id":22,"date":"2016-04-18T15:24:37","date_gmt":"2016-04-18T15:24:37","guid":{"rendered":"http:\/\/euskalinnova.com\/?page_id=22"},"modified":"2024-06-24T14:18:53","modified_gmt":"2024-06-24T14:18:53","slug":"climatizacion","status":"publish","type":"page","link":"https:\/\/euskalinnova.com\/index.php\/climatizacion\/","title":{"rendered":"Climatizaci\u00f3n"},"content":{"rendered":"<p><a href=\"http:\/\/euskalinnova.com\/wp-content\/uploads\/2016\/04\/Climatizacion2.png\"><img loading=\"lazy\" decoding=\"async\" class=\"alignnone size-full wp-image-71\" src=\"http:\/\/euskalinnova.com\/wp-content\/uploads\/2016\/04\/Climatizacion2.png\" alt=\"Climatizacion2\" width=\"1050\" height=\"198\" srcset=\"https:\/\/euskalinnova.com\/wp-content\/uploads\/2016\/04\/Climatizacion2.png 1050w, https:\/\/euskalinnova.com\/wp-content\/uploads\/2016\/04\/Climatizacion2-300x57.png 300w, https:\/\/euskalinnova.com\/wp-content\/uploads\/2016\/04\/Climatizacion2-768x145.png 768w, https:\/\/euskalinnova.com\/wp-content\/uploads\/2016\/04\/Climatizacion2-1024x193.png 1024w, https:\/\/euskalinnova.com\/wp-content\/uploads\/2016\/04\/Climatizacion2-250x47.png 250w, https:\/\/euskalinnova.com\/wp-content\/uploads\/2016\/04\/Climatizacion2-150x28.png 150w\" sizes=\"(max-width: 1050px) 100vw, 1050px\" \/><\/a><\/p>\n\n\n<p><\/p>\n\n\n\n<p>Ofrecemos soluciones integrales de climatizaci\u00f3n para mantener su hogar o negocio a la temperatura perfecta todo el a\u00f1o. Instalamos y mantenemos sistemas de aire acondicionado, bombas de calor y equipos de ventilaci\u00f3n, utilizando tecnolog\u00edas avanzadas para asegurar eficiencia energ\u00e9tica y confort. Nos adaptamos a cualquier espacio y necesidad para proporcionar el ambiente ideal en cada estaci\u00f3n.<\/p>\n","protected":false},"excerpt":{"rendered":"<p>Ofrecemos soluciones integrales de climatizaci\u00f3n para mantener su hogar o negocio a la temperatura perfecta todo el a\u00f1o. Instalamos y mantenemos sistemas de aire acondicionado, bombas de calor y equipos de ventilaci\u00f3n, utilizando tecnolog\u00edas avanzadas para asegurar eficiencia energ\u00e9tica y confort. Nos adaptamos a cualquier espacio y necesidad para proporcionar \u2026 <a class=\"continue-reading-link\" href=\"https:\/\/euskalinnova.com\/index.php\/climatizacion\/\"> Continue reading <span class=\"meta-nav\">&rarr; <\/span><\/a><\/p>\n","protected":false},"author":1,"featured_media":0,"parent":0,"menu_order":0,"comment_status":"closed","ping_status":"closed","template":"","meta":{"footnotes":""},"aioseo_notices":[],"_links":{"self":[{"href":"https:\/\/euskalinnova.com\/index.php\/wp-json\/wp\/v2\/pages\/22"}],"collection":[{"href":"https:\/\/euskalinnova.com\/index.php\/wp-json\/wp\/v2\/pages"}],"about":[{"href":"https:\/\/euskalinnova.com\/index.php\/wp-json\/wp\/v2\/types\/page"}],"author":[{"embeddable":true,"href":"https:\/\/euskalinnova.com\/index.php\/wp-json\/wp\/v2\/users\/1"}],"replies":[{"embeddable":true,"href":"https:\/\/euskalinnova.com\/index.php\/wp-json\/wp\/v2\/comments?post=22"}],"version-history":[{"count":3,"href":"https:\/\/euskalinnova.com\/index.php\/wp-json\/wp\/v2\/pages\/22\/revisions"}],"predecessor-version":[{"id":115,"href":"https:\/\/euskalinnova.com\/index.php\/wp-json\/wp\/v2\/pages\/22\/revisions\/115"}],"wp:attachment":[{"href":"https:\/\/euskalinnova.com\/index.php\/wp-json\/wp\/v2\/media?parent=22"}],"curies":[{"name":"wp","href":"https:\/\/api.w.org\/{rel}","templated":true}]}}