{"id":18,"date":"2016-04-18T15:23:20","date_gmt":"2016-04-18T15:23:20","guid":{"rendered":"http:\/\/euskalinnova.com\/?page_id=18"},"modified":"2024-06-24T14:16:07","modified_gmt":"2024-06-24T14:16:07","slug":"calefaccion","status":"publish","type":"page","link":"https:\/\/euskalinnova.com\/index.php\/calefaccion\/","title":{"rendered":"Calefacci\u00f3n"},"content":{"rendered":"<p><a href=\"http:\/\/euskalinnova.com\/wp-content\/uploads\/2016\/04\/CasaBufanda2.png\"><img loading=\"lazy\" decoding=\"async\" class=\"alignnone size-full wp-image-70\" src=\"http:\/\/euskalinnova.com\/wp-content\/uploads\/2016\/04\/CasaBufanda2.png\" alt=\"CasaBufanda2\" width=\"1050\" height=\"197\" srcset=\"https:\/\/euskalinnova.com\/wp-content\/uploads\/2016\/04\/CasaBufanda2.png 1050w, https:\/\/euskalinnova.com\/wp-content\/uploads\/2016\/04\/CasaBufanda2-300x56.png 300w, https:\/\/euskalinnova.com\/wp-content\/uploads\/2016\/04\/CasaBufanda2-768x144.png 768w, https:\/\/euskalinnova.com\/wp-content\/uploads\/2016\/04\/CasaBufanda2-1024x192.png 1024w, https:\/\/euskalinnova.com\/wp-content\/uploads\/2016\/04\/CasaBufanda2-250x47.png 250w, https:\/\/euskalinnova.com\/wp-content\/uploads\/2016\/04\/CasaBufanda2-150x28.png 150w\" sizes=\"(max-width: 1050px) 100vw, 1050px\" \/><\/a><\/p>\n<p>En EUSKAL-INNOVA, dise\u00f1amos e instalamos sistemas de calefacci\u00f3n eficientes y personalizados para su hogar o negocio.<\/p>\n<p>Desde calderas de condensaci\u00f3n hasta sistemas de suelo radiante y radiadores de \u00faltima generaci\u00f3n, ofrecemos soluciones que garantizan un ambiente c\u00e1lido y confortable, adapt\u00e1ndonos a las necesidades espec\u00edficas de cada cliente para maximizar la eficiencia energ\u00e9tica y el confort.<\/p>\n","protected":false},"excerpt":{"rendered":"<p>En EUSKAL-INNOVA, dise\u00f1amos e instalamos sistemas de calefacci\u00f3n eficientes y personalizados para su hogar o negocio. Desde calderas de condensaci\u00f3n hasta sistemas de suelo radiante y radiadores de \u00faltima generaci\u00f3n, ofrecemos soluciones que garantizan un ambiente c\u00e1lido y confortable, adapt\u00e1ndonos a las necesidades espec\u00edficas de cada cliente para maximizar la \u2026 <a class=\"continue-reading-link\" href=\"https:\/\/euskalinnova.com\/index.php\/calefaccion\/\"> Continue reading <span class=\"meta-nav\">&rarr; <\/span><\/a><\/p>\n","protected":false},"author":1,"featured_media":0,"parent":0,"menu_order":0,"comment_status":"closed","ping_status":"closed","template":"","meta":{"footnotes":""},"aioseo_notices":[],"_links":{"self":[{"href":"https:\/\/euskalinnova.com\/index.php\/wp-json\/wp\/v2\/pages\/18"}],"collection":[{"href":"https:\/\/euskalinnova.com\/index.php\/wp-json\/wp\/v2\/pages"}],"about":[{"href":"https:\/\/euskalinnova.com\/index.php\/wp-json\/wp\/v2\/types\/page"}],"author":[{"embeddable":true,"href":"https:\/\/euskalinnova.com\/index.php\/wp-json\/wp\/v2\/users\/1"}],"replies":[{"embeddable":true,"href":"https:\/\/euskalinnova.com\/index.php\/wp-json\/wp\/v2\/comments?post=18"}],"version-history":[{"count":5,"href":"https:\/\/euskalinnova.com\/index.php\/wp-json\/wp\/v2\/pages\/18\/revisions"}],"predecessor-version":[{"id":113,"href":"https:\/\/euskalinnova.com\/index.php\/wp-json\/wp\/v2\/pages\/18\/revisions\/113"}],"wp:attachment":[{"href":"https:\/\/euskalinnova.com\/index.php\/wp-json\/wp\/v2\/media?parent=18"}],"curies":[{"name":"wp","href":"https:\/\/api.w.org\/{rel}","templated":true}]}}